{"id":1170,"date":"2017-11-03T11:26:48","date_gmt":"2017-11-03T10:26:48","guid":{"rendered":"https:\/\/www.demenzzentrum-molbergen.de\/?page_id=1170"},"modified":"2024-05-08T14:43:34","modified_gmt":"2024-05-08T12:43:34","slug":"impressum","status":"publish","type":"page","link":"https:\/\/www.wille-und-partner.de\/beratung\/impressum\/","title":{"rendered":"Impressum"},"content":{"rendered":"<p><div class=\"fusion-fullwidth fullwidth-box fusion-builder-row-1 fusion-flex-container has-pattern-background has-mask-background nonhundred-percent-fullwidth non-hundred-percent-height-scrolling\" style=\"--awb-border-radius-top-left:0px;--awb-border-radius-top-right:0px;--awb-border-radius-bottom-right:0px;--awb-border-radius-bottom-left:0px;--awb-flex-wrap:wrap;\" ><div class=\"fusion-builder-row fusion-row fusion-flex-align-items-flex-start fusion-flex-content-wrap\" style=\"max-width:1216.8px;margin-left: calc(-4% \/ 2 );margin-right: calc(-4% \/ 2 );\"><div class=\"fusion-layout-column fusion_builder_column fusion-builder-column-0 fusion_builder_column_1_1 1_1 fusion-flex-column fusion-no-small-visibility\" style=\"--awb-bg-size:cover;--awb-width-large:100%;--awb-margin-top-large:0px;--awb-spacing-right-large:1.92%;--awb-margin-bottom-large:20px;--awb-spacing-left-large:1.92%;--awb-width-medium:100%;--awb-order-medium:0;--awb-spacing-right-medium:1.92%;--awb-spacing-left-medium:1.92%;--awb-width-small:100%;--awb-order-small:0;--awb-spacing-right-small:1.92%;--awb-spacing-left-small:1.92%;\" data-scroll-devices=\"small-visibility,medium-visibility,large-visibility\"><div class=\"fusion-column-wrapper fusion-column-has-shadow fusion-flex-justify-content-flex-start fusion-content-layout-column\">\n<div id=\"rev_slider_8_1_wrapper\" class=\"rev_slider_wrapper fullwidthbanner-container\" data-source=\"gallery\" style=\"margin:0px auto;background:transparent;padding:0px;margin-top:0px;margin-bottom:0px;\">\n<!-- START REVOLUTION SLIDER 5.4.8.3 fullwidth mode -->\n\t<div id=\"rev_slider_8_1\" class=\"rev_slider fullwidthabanner\" style=\"display:none;\" data-version=\"5.4.8.3\">\n<ul>\t<!-- SLIDE  -->\n\t<li data-index=\"rs-20\" data-transition=\"fade\" data-slotamount=\"default\" data-hideafterloop=\"0\" data-hideslideonmobile=\"off\"  data-easein=\"default\" data-easeout=\"default\" data-masterspeed=\"300\"  data-thumb=\"https:\/\/www.wille-und-partner.de\/beratung\/wp-content\/uploads\/2017\/12\/05_molbergen_029XX-200x100.jpg\"  data-rotate=\"0\"  data-saveperformance=\"off\"  data-title=\"Folie 1\" data-param1=\"\" data-param2=\"\" data-param3=\"\" data-param4=\"\" data-param5=\"\" data-param6=\"\" data-param7=\"\" data-param8=\"\" data-param9=\"\" data-param10=\"\" data-description=\"\">\n\t\t<!-- MAIN IMAGE -->\n\t\t<img decoding=\"async\" src=\"https:\/\/www.wille-und-partner.de\/beratung\/wp-content\/uploads\/2017\/12\/05_molbergen_029XX.jpg\"  alt=\"\" title=\"05_molbergen_029XX\"  width=\"1903\" height=\"780\" data-bgposition=\"center center\" data-bgfit=\"cover\" data-bgrepeat=\"no-repeat\" class=\"rev-slidebg\" data-no-retina>\n\t\t<!-- LAYERS -->\n\t<\/li>\n<\/ul>\n<div class=\"tp-bannertimer tp-bottom\" style=\"visibility: hidden !important;\"><\/div>\t<\/div>\n<script>var htmlDiv = document.getElementById(\"rs-plugin-settings-inline-css\"); var htmlDivCss=\"\";\n\t\t\t\tif(htmlDiv) {\n\t\t\t\t\thtmlDiv.innerHTML = htmlDiv.innerHTML + htmlDivCss;\n\t\t\t\t}else{\n\t\t\t\t\tvar htmlDiv = document.createElement(\"div\");\n\t\t\t\t\thtmlDiv.innerHTML = \"<style>\" + htmlDivCss + \"<\/style>\";\n\t\t\t\t\tdocument.getElementsByTagName(\"head\")[0].appendChild(htmlDiv.childNodes[0]);\n\t\t\t\t}\n\t\t\t<\/script>\n\t\t<script type=\"text\/javascript\">\nif (setREVStartSize!==undefined) setREVStartSize(\n\t{c: '#rev_slider_8_1', gridwidth: [1200], gridheight: [715], sliderLayout: 'fullwidth'});\n\t\t\t\nvar revapi8,\n\ttpj;\t\n(function() {\t\t\t\n\tif (!\/loaded|interactive|complete\/.test(document.readyState)) document.addEventListener(\"DOMContentLoaded\",onLoad); else onLoad();\t\n\tfunction onLoad() {\t\t\t\t\n\t\tif (tpj===undefined) { tpj = jQuery; if(\"off\" == \"on\") tpj.noConflict();}\n\tif(tpj(\"#rev_slider_8_1\").revolution == undefined){\n\t\trevslider_showDoubleJqueryError(\"#rev_slider_8_1\");\n\t}else{\n\t\trevapi8 = tpj(\"#rev_slider_8_1\").show().revolution({\n\t\t\tsliderType:\"standard\",\n\t\t\tjsFileLocation:\"\/\/www.wille-und-partner.de\/beratung\/wp-content\/plugins\/revslider\/public\/assets\/js\/\",\n\t\t\tsliderLayout:\"fullwidth\",\n\t\t\tdottedOverlay:\"none\",\n\t\t\tdelay:9000,\n\t\t\tnavigation: {\n\t\t\t\tonHoverStop:\"off\",\n\t\t\t},\n\t\t\tvisibilityLevels:[1240,1024,778,480],\n\t\t\tgridwidth:1200,\n\t\t\tgridheight:715,\n\t\t\tlazyType:\"none\",\n\t\t\tshadow:0,\n\t\t\tspinner:\"spinner0\",\n\t\t\tstopLoop:\"off\",\n\t\t\tstopAfterLoops:-1,\n\t\t\tstopAtSlide:-1,\n\t\t\tshuffle:\"off\",\n\t\t\tautoHeight:\"off\",\n\t\t\tdisableProgressBar:\"on\",\n\t\t\thideThumbsOnMobile:\"off\",\n\t\t\thideSliderAtLimit:0,\n\t\t\thideCaptionAtLimit:0,\n\t\t\thideAllCaptionAtLilmit:0,\n\t\t\tdebugMode:false,\n\t\t\tfallbacks: {\n\t\t\t\tsimplifyAll:\"off\",\n\t\t\t\tnextSlideOnWindowFocus:\"off\",\n\t\t\t\tdisableFocusListener:false,\n\t\t\t}\n\t\t});\n\t}; \/* END OF revapi call *\/\n\t\n }; \/* END OF ON LOAD FUNCTION *\/\n}()); \/* END OF WRAPPING FUNCTION *\/\n<\/script>\n\t\t<\/div><!-- END REVOLUTION SLIDER --><\/div><\/div><\/div><\/div><div class=\"fusion-fullwidth fullwidth-box fusion-builder-row-2 fusion-flex-container has-pattern-background has-mask-background nonhundred-percent-fullwidth non-hundred-percent-height-scrolling\" style=\"--awb-border-radius-top-left:0px;--awb-border-radius-top-right:0px;--awb-border-radius-bottom-right:0px;--awb-border-radius-bottom-left:0px;--awb-flex-wrap:wrap;\" ><div class=\"fusion-builder-row fusion-row fusion-flex-align-items-flex-start fusion-flex-content-wrap\" style=\"max-width:1216.8px;margin-left: calc(-4% \/ 2 );margin-right: calc(-4% \/ 2 );\"><div class=\"fusion-layout-column fusion_builder_column fusion-builder-column-1 fusion_builder_column_1_1 1_1 fusion-flex-column\" style=\"--awb-bg-size:cover;--awb-width-large:100%;--awb-margin-top-large:0px;--awb-spacing-right-large:1.92%;--awb-margin-bottom-large:20px;--awb-spacing-left-large:1.92%;--awb-width-medium:100%;--awb-order-medium:0;--awb-spacing-right-medium:1.92%;--awb-spacing-left-medium:1.92%;--awb-width-small:100%;--awb-order-small:0;--awb-spacing-right-small:1.92%;--awb-spacing-left-small:1.92%;\"><div class=\"fusion-column-wrapper fusion-column-has-shadow fusion-flex-justify-content-flex-start fusion-content-layout-column\"><div class=\"fusion-text fusion-text-1 impressum-heading\"><h2>Wille &#038; Partner<\/h2>\n<\/div><div class=\"fusion-text fusion-text-2 impressum-text\"><p>Beratungs- und Planungsgesellschaft mbH f\u00fcr Gesundheits- und Sozialeinrichtungen<\/p>\n<p>Schillerstra\u00dfe 1<br \/>\n26122 Oldenburg<\/p>\n<p>vertreten durch den gesch\u00e4ftsf\u00fchrenden Gesellschafter:<br \/>\nGregor G. Hollenstein<\/p>\n<p>Gesch\u00e4ftsf\u00fchrer:<br \/>\nGerrit Bullenkamp<\/p>\n<p>Telefon: <a href=\"tel:04475928680\">04 41 &#8211; 9\u00a055\u00a089\u00a020<\/a><br \/>\nFax: 04 41 &#8211; 9 55 89 21<\/p>\n<p>E-mail: <a href=\"mailto:info@wille-und-partner.de\">info@wille-und-partner.de<\/a><\/p>\n<p>Handelsregister Oldenburg<br \/>\nHRB 3335<\/p>\n<h3>Haftungsausschluss<\/h3>\n<p><strong>1. Inhalt des Onlineangebotes<\/strong><\/p>\n<p>Der Autor \u00fcbernimmt keinerlei Gew\u00e4hr f\u00fcr die Aktualit\u00e4t, Korrektheit, Vollst\u00e4ndigkeit oder Qualit\u00e4t der bereitgestellten Informationen. Haftungsanspr\u00fcche gegen den Autor, welche sich auf Sch\u00e4den materieller oder ideeller Art beziehen, die durch die Nutzung oder Nichtnutzung der dargebotenen Informationen bzw. durch die Nutzung fehlerhafter und unvollst\u00e4ndiger Informationen verursacht wurden, sind grunds\u00e4tzlich ausgeschlossen, sofern seitens des Autors kein nachweislich vors\u00e4tzliches oder grob fahrl\u00e4ssiges Verschulden vorliegt. Alle Angebote sind freibleibend und unverbindlich. Der Autor beh\u00e4lt es sich ausdr\u00fccklich vor, Teile der Seiten oder das gesamte Angebot ohne gesonderte Ank\u00fcndigung zu ver\u00e4ndern, zu erg\u00e4nzen, zu l\u00f6schen oder die Ver\u00f6ffentlichung zeitweise oder endg\u00fcltig einzustellen.<\/p>\n<p><strong>2. Verweise und Links<\/strong><\/p>\n<p>Bei direkten oder indirekten Verweisen auf fremde Webseiten (&#8220;Hyperlinks&#8221;), die au\u00dferhalb des Verantwortungsbereiches des Autors liegen, w\u00fcrde eine Haftungsverpflichtung ausschlie\u00dflich in dem Fall in Kraft treten, in dem der Autor von den Inhalten Kenntnis hat und es ihm technisch m\u00f6glich und zumutbar w\u00e4re, die Nutzung im Falle rechtswidriger Inhalte zu verhindern. Der Autor erkl\u00e4rt hiermit ausdr\u00fccklich, dass zum Zeitpunkt der Linksetzung keine illegalen Inhalte auf den zu verlinkenden Seiten erkennbar waren. Auf die aktuelle und zuk\u00fcnftige Gestaltung, die Inhalte oder die Urheberschaft der verlinkten\/verkn\u00fcpften Seiten hat der Autor keinerlei Einfluss. Deshalb distanziert er sich hiermit ausdr\u00fccklich von allen Inhalten aller verlinkten \/verkn\u00fcpften Seiten, die nach der Linksetzung ver\u00e4ndert wurden. Diese Feststellung gilt f\u00fcr alle innerhalb des eigenen Internetangebotes gesetzten Links und Verweise sowie f\u00fcr Fremdeintr\u00e4ge in vom Autor eingerichteten G\u00e4steb\u00fcchern, Diskussionsforen, Linkverzeichnissen, Mailinglisten und in allen anderen Formen von Datenbanken, auf deren Inhalt externe Schreibzugriffe m\u00f6glich sind. F\u00fcr illegale, fehlerhafte oder unvollst\u00e4ndige Inhalte und insbesondere f\u00fcr Sch\u00e4den, die aus der Nutzung oder Nichtnutzung solcherart dargebotener Informationen entstehen, haftet allein der Anbieter der Seite, auf welche verwiesen wurde, nicht derjenige, der \u00fcber Links auf die jeweilige Ver\u00f6ffentlichung lediglich verweist.<\/p>\n<p><strong>3. Urheber- und Kennzeichenrecht<\/strong><\/p>\n<p>Der Autor ist bestrebt, in allen Publikationen die Urheberrechte der verwendeten Bilder, Grafiken, Tondokumente, Videosequenzen und Texte zu beachten, von ihm selbst erstellte Bilder, Grafiken, Tondokumente, Videosequenzen und Texte zu nutzen oder auf lizenzfreie Grafiken, Tondokumente, Videosequenzen und Texte zur\u00fcckzugreifen. Alle innerhalb des Internetangebotes genannten und ggf. durch Dritte gesch\u00fctzten Marken- und Warenzeichen unterliegen uneingeschr\u00e4nkt den Bestimmungen des jeweils g\u00fcltigen Kennzeichenrechts und den Besitzrechten der jeweiligen eingetragenen Eigent\u00fcmer. Allein aufgrund der blo\u00dfen Nennung ist nicht der Schluss zu ziehen, dass Markenzeichen nicht durch Rechte Dritter gesch\u00fctzt sind! Das Copyright f\u00fcr ver\u00f6ffentlichte, vom Autor selbst erstellte Objekte bleibt allein beim Autor der Seiten. Eine Vervielf\u00e4ltigung oder Verwendung solcher Grafiken, Tondokumente, Videosequenzen und Texte in anderen elektronischen oder gedruckten Publikationen ist ohne ausdr\u00fcckliche Zustimmung des Autors nicht gestattet.<\/p>\n<div><strong>Bildnachweise von verwendeten und gekauften Bildern:<\/strong><\/div>\n<div>\n<p>Bild &#8220;Bewerbung&#8221; Stock-Fotografie-ID: 587892248 Bildnachweis: demaerre<br \/>\nBild &#8220;Bunte S\u00fc\u00dfigkeiten&#8221; Stock-Fotografie-ID: 515675410 Bildnachweis: kiko_jimenez<\/p>\n<p>Headerbilder:<br \/>\nwille-und-partner.de\/beratung\/ &#8211; \u00a9 ugurhan &#8211; istockphoto.com<br \/>\nwille-und-partner.de\/beratung\/leistungen\/ &#8211; \u00a9 NicoELNino &#8211; istockphoto.com<br \/>\nwille-und-partner.de\/beratung\/leistungen\/ &#8211; \u00a9 Oliver le Moal &#8211; istockphoto.com<br \/>\nwille-und-partner.de\/beratung\/unser-team\/ &#8211; \u00a9 Cecille_Arcurs &#8211; istockphoto.com<\/p>\n<p>Contentbilder:<br \/>\nwille-und-partner.de\/beratung\/leistungen\/ &#8211; \u00a9 ugurhan &#8211; istockphoto.com<br \/>\nwille-und-partner.de\/beratung\/ &#8211; \u00a9 Thomas Demarczyk &#8211; istockphoto.com<br \/>\nwille-und-partner.de\/beratung\/leistungen\/ &#8211; \u00a9 utah 778 &#8211; istockphoto.com<br \/>\nwille-und-partner.de\/beratung\/leistungen\/ &#8211; \u00a9 \u00a9 mediaphotos &#8211; istockphoto.com<br \/>\nwille-und-partner.de\/beratung\/leistungen\/ &#8211; \u00a9 TanawatPontchour &#8211; istockphoto.com<br \/>\nwille-und-partner.de\/beratung\/leistungen\/ &#8211; \u00a9 EtiAmmos &#8211; istockphoto.com<\/p>\n<p><strong>Fotografie:<\/strong><br \/>\nTobias Trapp<br \/>\n<a href=\"http:\/\/www.tobiastrapp.eu\">www.tobiastrapp.eu<\/a><\/p>\n<\/div>\n<p>&nbsp;<\/p>\n<p><strong>4. Rechtswirksamkeit dieses Haftungsausschlusses<\/strong><\/p>\n<p>Dieser Haftungsausschluss ist als Teil des Internetangebotes zu betrachten, von dem aus auf diese Seite verwiesen wurde. Sofern Teile oder einzelne Formulierungen dieses Textes der geltenden Rechtslage nicht, nicht mehr oder nicht vollst\u00e4ndig entsprechen sollten, bleiben die \u00fcbrigen Teile des Dokumentes in ihrem Inhalt und ihrer G\u00fcltigkeit davon unber\u00fchrt.<\/p>\n<p><strong>Design<\/strong><\/p>\n<p>einraumgrafik, dipl.-des. dorit j\u00fcrgen<\/p>\n<p>Internet: <a href=\"http:\/\/www.einraumgrafik.de\/\" target=\"_blank\" rel=\"noopener\">www.einraumgrafik.de<\/a><br \/>\nE-Mail: <a href=\"mailto:info@einraumgrafik.de\">info(at)einraumgrafik.de<\/a><\/p>\n<p><strong>Suchmaschinenoptimierung und Programmierung<\/strong><\/p>\n<p>pm pflegemarkt.com GmbH<\/p>\n<p>Internet: <a href=\"https:\/\/www.pflegemarkt.com\" target=\"_blank\" rel=\"noopener\">www.pflegemarkt.com<\/a><br \/>\nE-Mail: <a href=\"mailto:info@pflegemarkt.com\">info(at)pflegemarkt.com<\/a><\/p>\n<\/div><\/div><\/div><\/div><\/div><\/p>\n","protected":false},"excerpt":{"rendered":"","protected":false},"author":4,"featured_media":0,"parent":0,"menu_order":0,"comment_status":"closed","ping_status":"closed","template":"","meta":{"footnotes":""},"yoast_head":"<!-- This site is optimized with the Yoast SEO plugin v21.9.1 - https:\/\/yoast.com\/wordpress\/plugins\/seo\/ -->\n<title>Impressum - Wille und Partner Beratung<\/title>\n<meta name=\"robots\" content=\"index, follow, max-snippet:-1, max-image-preview:large, max-video-preview:-1\" \/>\n<link rel=\"canonical\" href=\"https:\/\/www.wille-und-partner.de\/beratung\/impressum\/\" \/>\n<meta property=\"og:locale\" content=\"en_US\" \/>\n<meta property=\"og:type\" content=\"article\" \/>\n<meta property=\"og:title\" content=\"Impressum - Wille und Partner Beratung\" \/>\n<meta property=\"og:url\" content=\"https:\/\/www.wille-und-partner.de\/beratung\/impressum\/\" \/>\n<meta property=\"og:site_name\" content=\"Wille und Partner Beratung\" \/>\n<meta property=\"article:publisher\" content=\"https:\/\/www.facebook.com\/pages\/Demenzzentrum-Molbergen\/168647916501775\" \/>\n<meta property=\"article:modified_time\" content=\"2024-05-08T12:43:34+00:00\" \/>\n<meta name=\"twitter:card\" content=\"summary_large_image\" \/>\n<meta name=\"twitter:label1\" content=\"Est. reading time\" \/>\n\t<meta name=\"twitter:data1\" content=\"3 minutes\" \/>\n<script type=\"application\/ld+json\" class=\"yoast-schema-graph\">{\"@context\":\"https:\/\/schema.org\",\"@graph\":[{\"@type\":\"WebPage\",\"@id\":\"https:\/\/www.wille-und-partner.de\/beratung\/impressum\/\",\"url\":\"https:\/\/www.wille-und-partner.de\/beratung\/impressum\/\",\"name\":\"Impressum - Wille und Partner Beratung\",\"isPartOf\":{\"@id\":\"https:\/\/www.wille-und-partner.de\/beratung\/#website\"},\"datePublished\":\"2017-11-03T10:26:48+00:00\",\"dateModified\":\"2024-05-08T12:43:34+00:00\",\"inLanguage\":\"en-US\",\"potentialAction\":[{\"@type\":\"ReadAction\",\"target\":[\"https:\/\/www.wille-und-partner.de\/beratung\/impressum\/\"]}]},{\"@type\":\"WebSite\",\"@id\":\"https:\/\/www.wille-und-partner.de\/beratung\/#website\",\"url\":\"https:\/\/www.wille-und-partner.de\/beratung\/\",\"name\":\"Wille und Partner Beratung\",\"description\":\"&quot;Wille und Partner Beratung&quot;\",\"potentialAction\":[{\"@type\":\"SearchAction\",\"target\":{\"@type\":\"EntryPoint\",\"urlTemplate\":\"https:\/\/www.wille-und-partner.de\/beratung\/?s={search_term_string}\"},\"query-input\":\"required name=search_term_string\"}],\"inLanguage\":\"en-US\"}]}<\/script>\n<!-- \/ Yoast SEO plugin. -->","yoast_head_json":{"title":"Impressum - Wille und Partner Beratung","robots":{"index":"index","follow":"follow","max-snippet":"max-snippet:-1","max-image-preview":"max-image-preview:large","max-video-preview":"max-video-preview:-1"},"canonical":"https:\/\/www.wille-und-partner.de\/beratung\/impressum\/","og_locale":"en_US","og_type":"article","og_title":"Impressum - Wille und Partner Beratung","og_url":"https:\/\/www.wille-und-partner.de\/beratung\/impressum\/","og_site_name":"Wille und Partner Beratung","article_publisher":"https:\/\/www.facebook.com\/pages\/Demenzzentrum-Molbergen\/168647916501775","article_modified_time":"2024-05-08T12:43:34+00:00","twitter_card":"summary_large_image","twitter_misc":{"Est. reading time":"3 minutes"},"schema":{"@context":"https:\/\/schema.org","@graph":[{"@type":"WebPage","@id":"https:\/\/www.wille-und-partner.de\/beratung\/impressum\/","url":"https:\/\/www.wille-und-partner.de\/beratung\/impressum\/","name":"Impressum - Wille und Partner Beratung","isPartOf":{"@id":"https:\/\/www.wille-und-partner.de\/beratung\/#website"},"datePublished":"2017-11-03T10:26:48+00:00","dateModified":"2024-05-08T12:43:34+00:00","inLanguage":"en-US","potentialAction":[{"@type":"ReadAction","target":["https:\/\/www.wille-und-partner.de\/beratung\/impressum\/"]}]},{"@type":"WebSite","@id":"https:\/\/www.wille-und-partner.de\/beratung\/#website","url":"https:\/\/www.wille-und-partner.de\/beratung\/","name":"Wille und Partner Beratung","description":"&quot;Wille und Partner Beratung&quot;","potentialAction":[{"@type":"SearchAction","target":{"@type":"EntryPoint","urlTemplate":"https:\/\/www.wille-und-partner.de\/beratung\/?s={search_term_string}"},"query-input":"required name=search_term_string"}],"inLanguage":"en-US"}]}},"_links":{"self":[{"href":"https:\/\/www.wille-und-partner.de\/beratung\/wp-json\/wp\/v2\/pages\/1170"}],"collection":[{"href":"https:\/\/www.wille-und-partner.de\/beratung\/wp-json\/wp\/v2\/pages"}],"about":[{"href":"https:\/\/www.wille-und-partner.de\/beratung\/wp-json\/wp\/v2\/types\/page"}],"author":[{"embeddable":true,"href":"https:\/\/www.wille-und-partner.de\/beratung\/wp-json\/wp\/v2\/users\/4"}],"replies":[{"embeddable":true,"href":"https:\/\/www.wille-und-partner.de\/beratung\/wp-json\/wp\/v2\/comments?post=1170"}],"version-history":[{"count":29,"href":"https:\/\/www.wille-und-partner.de\/beratung\/wp-json\/wp\/v2\/pages\/1170\/revisions"}],"predecessor-version":[{"id":2119,"href":"https:\/\/www.wille-und-partner.de\/beratung\/wp-json\/wp\/v2\/pages\/1170\/revisions\/2119"}],"wp:attachment":[{"href":"https:\/\/www.wille-und-partner.de\/beratung\/wp-json\/wp\/v2\/media?parent=1170"}],"curies":[{"name":"wp","href":"https:\/\/api.w.org\/{rel}","templated":true}]}}